{"id":514,"date":"2024-02-18T17:46:06","date_gmt":"2024-02-18T16:46:06","guid":{"rendered":"https:\/\/rohnova.eu\/?page_id=514"},"modified":"2024-02-18T19:33:13","modified_gmt":"2024-02-18T18:33:13","slug":"musikalische-aktivitaten-fur-kinder-und-senioren","status":"publish","type":"page","link":"https:\/\/rohnova.eu\/index.php\/de\/musikalische-aktivitaten-fur-kinder-und-senioren\/","title":{"rendered":"Musikalische Aktivit\u00e4ten f\u00fcr Kinder und Senioren"},"content":{"rendered":"\n<h1 class=\"wp-block-heading has-text-align-center\" style=\"padding-top:var(--wp--preset--spacing--40);padding-bottom:var(--wp--preset--spacing--40)\">Musikalische Aktivit\u00e4ten f\u00fcr Kinder und Senioren<\/h1>\n\n\n\n<div class=\"wp-block-group has-global-padding is-layout-constrained wp-container-core-group-is-layout-02e3544c wp-block-group-is-layout-constrained\">\n<blockquote class=\"wp-block-quote is-layout-flow wp-block-quote-is-layout-flow\">\n<p class=\"has-text-align-center has-medium-font-size\">Da Musik nicht nur aus dem Spielen nach Noten besteht, bereite ich ein Musikprogramm so vor, dass jeder Spa\u00df hat. Auch ohne musikalische Vorkenntnisse probiert man aus, was man kann und verl\u00e4sst den Workshop voll von positiven Emotionen.<\/p>\n\n\n\n<p class=\"has-text-align-center has-medium-font-size\">Ich kombiniere gerne verschiedene Aktivit\u00e4ten, damit die Teilnehmer w\u00e4hrend des Workshops vieles ausprobieren k\u00f6nnen. Wir arbeiten mit Rhythmus, Melodie, Bewegung und &#8211; wer es wagt &#8211; auch mit der Stimme.<\/p>\n<\/blockquote>\n\n\n\n<h2 class=\"wp-block-heading\" style=\"padding-top:var(--wp--preset--spacing--20);padding-bottom:var(--wp--preset--spacing--20)\">Was verwende ich oft in Workshops?<\/h2>\n\n\n\n<p>Trommeln auf gro\u00dfen B\u00e4llen, Boomwhackers, Melodiesteine, aktives Zuh\u00f6ren mit Bewegung, Musikh\u00f6rkarten, Begleitungen zu einem Lied erstellen, Improvisieren auf allen m\u00f6glichen und unm\u00f6glichen Instrumenten und vieles mehr.<\/p>\n\n\n\n<h2 class=\"wp-block-heading\" style=\"padding-top:var(--wp--preset--spacing--20);padding-bottom:var(--wp--preset--spacing--20)\">F\u00fcr wen sind meine Musikworkshops geeignet?<\/h2>\n\n\n\n<p>Workshops f\u00fcr Kinder eignen sich beispielsweise f\u00fcr Projekttage, als Programmvorbereitung f\u00fcr einen Auftritt, als Abwechslung im Schuljahr oder am Wochenende (siehe geplante Veranstaltungen).<\/p>\n\n\n\n<p>F\u00fcr Senioren bereite ich Veranstaltungen vor mit Aktivierungstechniken, dem Singen bekannter Lieder, Bewegungsangeboten und vielem weiteren. Einfach nur zuh\u00f6ren ist nat\u00fcrlich auch m\u00f6glich. Es geht vor allem darum, dass es den Teilnehmern gef\u00e4llt und sie Freude daran haben.<\/p>\n\n\n\n<p>Die Bewegungen und alles weitere k\u00f6nnen auch im Sitzen durchgef\u00fchrt werden, so dass Menschen mit eingeschr\u00e4nkter Mobilit\u00e4t keine Angst vor dem Besuch des Workshops haben m\u00fcssen.<\/p>\n\n\n\n<h2 class=\"wp-block-heading\" style=\"padding-top:var(--wp--preset--spacing--20);padding-bottom:var(--wp--preset--spacing--20)\">Wo finden die Workshops statt?<\/h2>\n\n\n\n<p>Bei Ihnen vor Ort. Ich packe alles ins Auto und fahre zu Ihnen. Sie brauchen nur einen Raum, der gro\u00df genug ist, damit wir alle hineinpassen und trotzdem Platz f\u00fcr unsere Werkzeuge und ein bisschen Bewegung haben.<\/p>\n\n\n\n<p>In Zukunft plane ich auch, Veranstaltungen in festen R\u00e4umen durchzuf\u00fchren, diese finden Sie im Bereich \u201eGeplante Veranstaltungen\u201c.<\/p>\n\n\n\n<h2 class=\"wp-block-heading\" style=\"padding-top:var(--wp--preset--spacing--20);padding-bottom:var(--wp--preset--spacing--20)\">F\u00fcr welche Gruppengr\u00f6\u00dfe sind die Workshops geeignet?<\/h2>\n\n\n\n<p>Da w\u00e4hrend des Workshops jeder aktiv spielen sollte, ist dies nat\u00fcrlich nicht bei vollem Stadion m\u00f6glich. Ideal sind kleinere Gruppen, zum Beispiel 12 Personen. Wir k\u00f6nnen es aber auch mit der ganzen Klasse machen.<\/p>\n\n\n\n<p>M\u00f6chten Sie meinen Workshop ausprobieren? Mit Vergn\u00fcgen! Schreiben Sie mir \u00fcber das <a href=\"https:\/\/rohnova.eu\/index.php\/de\/kontaktformular\/\" data-type=\"page\" data-id=\"446\">Kontaktformular<\/a> oder per <a href=\"mailto:eva@rohnova.eu\">E-Mail<\/a>.<\/p>\n\n\n\n<div class=\"wp-block-group has-global-padding is-layout-constrained wp-container-core-group-is-layout-0ccdc8e2 wp-block-group-is-layout-constrained\" style=\"margin-bottom:var(--wp--preset--spacing--30);padding-top:var(--wp--preset--spacing--10);padding-bottom:var(--wp--preset--spacing--10)\">\n<blockquote class=\"wp-block-quote is-style-default has-small-font-size is-layout-flow wp-block-quote-is-layout-flow\">\n<p class=\"has-text-align-center has-medium-font-size\">Ich freue mich darauf!<\/p>\n<\/blockquote>\n<\/div>\n<\/div>\n","protected":false},"excerpt":{"rendered":"<p>Musikalische Aktivit\u00e4ten f\u00fcr Kinder und Senioren Da Musik nicht nur aus dem Spielen nach Noten besteht, bereite ich ein Musikprogramm so vor, dass jeder Spa\u00df hat. Auch ohne musikalische Vorkenntnisse probiert man aus, was man kann und verl\u00e4sst den Workshop voll von positiven Emotionen. Ich kombiniere gerne verschiedene Aktivit\u00e4ten, damit die Teilnehmer w\u00e4hrend des Workshops [&hellip;]<\/p>\n","protected":false},"author":1,"featured_media":0,"parent":0,"menu_order":0,"comment_status":"closed","ping_status":"closed","template":"wp-custom-template-de-basic","meta":{"footnotes":""},"class_list":["post-514","page","type-page","status-publish","hentry"],"_links":{"self":[{"href":"https:\/\/rohnova.eu\/index.php\/wp-json\/wp\/v2\/pages\/514","targetHints":{"allow":["GET"]}}],"collection":[{"href":"https:\/\/rohnova.eu\/index.php\/wp-json\/wp\/v2\/pages"}],"about":[{"href":"https:\/\/rohnova.eu\/index.php\/wp-json\/wp\/v2\/types\/page"}],"author":[{"embeddable":true,"href":"https:\/\/rohnova.eu\/index.php\/wp-json\/wp\/v2\/users\/1"}],"replies":[{"embeddable":true,"href":"https:\/\/rohnova.eu\/index.php\/wp-json\/wp\/v2\/comments?post=514"}],"version-history":[{"count":4,"href":"https:\/\/rohnova.eu\/index.php\/wp-json\/wp\/v2\/pages\/514\/revisions"}],"predecessor-version":[{"id":554,"href":"https:\/\/rohnova.eu\/index.php\/wp-json\/wp\/v2\/pages\/514\/revisions\/554"}],"wp:attachment":[{"href":"https:\/\/rohnova.eu\/index.php\/wp-json\/wp\/v2\/media?parent=514"}],"curies":[{"name":"wp","href":"https:\/\/api.w.org\/{rel}","templated":true}]}}