{"id":512,"date":"2024-02-18T17:17:43","date_gmt":"2024-02-18T16:17:43","guid":{"rendered":"https:\/\/rohnova.eu\/?page_id=512"},"modified":"2024-02-18T17:33:28","modified_gmt":"2024-02-18T16:33:28","slug":"hudebni-aktivity-pro-deti-i-seniory","status":"publish","type":"page","link":"https:\/\/rohnova.eu\/index.php\/hudebni-aktivity-pro-deti-i-seniory\/","title":{"rendered":"Hudebn\u00ed aktivity pro d\u011bti i seniory"},"content":{"rendered":"\n<h1 class=\"wp-block-heading has-text-align-center\" style=\"padding-top:var(--wp--preset--spacing--40);padding-bottom:var(--wp--preset--spacing--40)\">Hudebn\u00ed aktivity pro d\u011bti i seniory<\/h1>\n\n\n\n<div class=\"wp-block-group has-global-padding is-layout-constrained wp-container-core-group-is-layout-02e3544c wp-block-group-is-layout-constrained\">\n<blockquote class=\"wp-block-quote is-layout-flow wp-block-quote-is-layout-flow\">\n<p class=\"has-text-align-center has-medium-font-size\">Proto\u017ee hudba nen\u00ed jenom hran\u00ed z not, p\u0159ipravuji hudebn\u00ed program tak, abyste se v\u0161ichni pobavili, vyzkou\u0161eli si, co v\u0161echno dok\u00e1\u017e\u00ed i bez p\u0159edchoz\u00edch hudebn\u00edch zku\u0161enost\u00ed, <br>a z\u00a0workshopu odch\u00e1zeli nabit\u00ed (hlavn\u011b pozitivn\u00edmi) emocemi.\u00a0<\/p>\n\n\n\n<p class=\"has-text-align-center has-medium-font-size\">R\u00e1da kombinuji r\u016fzn\u00e9 aktivity, tak\u017ee si b\u011bhem workshopu vyzkou\u0161\u00ed \u00fa\u010dastn\u00edci v\u00edce v\u011bc\u00ed. <br>Budeme si hr\u00e1t s&nbsp;rytmem, melodi\u00ed, pohybem, a kdo si troufne, tak i s&nbsp;hlasem.&nbsp;<\/p>\n<\/blockquote>\n\n\n\n<h2 class=\"wp-block-heading\" style=\"padding-top:var(--wp--preset--spacing--20);padding-bottom:var(--wp--preset--spacing--20)\">Co p\u0159i workshopech r\u00e1da pou\u017e\u00edv\u00e1m?<\/h2>\n\n\n\n<p>Bubnov\u00e1n\u00ed do velk\u00fdch m\u00ed\u010d\u016f, boomwhackers, melodick\u00e9 kameny, aktivn\u00ed poslech s&nbsp;pohybem, poslechov\u00e9 mapy, vytv\u00e1\u0159en\u00ed doprovod\u016f k&nbsp;p\u00edsni, improvizace na v\u0161emo\u017en\u00e9 a nemo\u017en\u00e9 n\u00e1stroje a mnoho dal\u0161\u00edho.<\/p>\n\n\n\n<h2 class=\"wp-block-heading\" style=\"padding-top:var(--wp--preset--spacing--20);padding-bottom:var(--wp--preset--spacing--20)\">Pro koho moje hudebn\u00ed workshopy jsou?<\/h2>\n\n\n\n<p>Workshopy pro d\u011bti jsou vhodn\u00e9 nap\u0159\u00edklad do projektov\u00fdch dn\u00ed, jako p\u0159\u00edprava programu na vystoupen\u00ed nebo jako zpest\u0159en\u00ed b\u011bhem \u0161koln\u00edho roku nebo v\u00edkendu (viz. pl\u00e1novan\u00e9 akce).<\/p>\n\n\n\n<p>Pro seniory p\u0159ipravuji workshopy s&nbsp;aktiviza\u010dn\u00edmi technikami, zp\u011bvem zn\u00e1m\u00fdch p\u00edsni\u010dek, pohybov\u00fdmi aktivitami (aktivity lze prov\u00e1d\u011bt i v&nbsp;sed\u011b, tak\u017ee se nemus\u00ed b\u00e1t workshop nav\u0161t\u00edvit i lid\u00e9 s&nbsp;hor\u0161\u00ed pohyblivost\u00ed), poslechem a podobn\u011b. Prost\u011b tak, aby se jim program l\u00edbil a u\u017eili si ho \ud83d\ude0a<\/p>\n\n\n\n<h2 class=\"wp-block-heading\" style=\"padding-top:var(--wp--preset--spacing--20);padding-bottom:var(--wp--preset--spacing--20)\">Kde workshopy prob\u00edhaj\u00ed?<\/h2>\n\n\n\n<p>U V\u00e1s. V\u0161echno sbal\u00edm do auta a dojedu za V\u00e1mi. Vy pot\u0159ebujete jenom prostor dostate\u010dn\u011b velk\u00fd na to, abychom se tam v\u0161ichni ve\u0161li a zbylo n\u00e1m i m\u00edsto na n\u00e1stroje a trochu pohybu.<\/p>\n\n\n\n<p>Do budoucna pl\u00e1nuji d\u011blat i akce ve st\u00e1l\u00fdch prostor\u00e1ch, ty budete moci naj\u00edt v&nbsp;sekci \u201epl\u00e1novan\u00e9 akce\u201c.<\/p>\n\n\n\n<h2 class=\"wp-block-heading\" style=\"padding-top:var(--wp--preset--spacing--20);padding-bottom:var(--wp--preset--spacing--20)\">Pro jak velk\u00e9 skupiny jsou workshopy ur\u010deny?&nbsp;<\/h2>\n\n\n\n<p>Proto\u017ee by si ka\u017ed\u00fd m\u011bl b\u011bhem workshopu zahr\u00e1t, nelze ho d\u011blat pro pln\u00fd stadion. Ide\u00e1ln\u00ed jsou men\u0161\u00ed skupinky \u2013 nap\u0159\u00edklad 12 lid\u00ed, ale zvl\u00e1dneme to i s&nbsp;celou t\u0159\u00eddou.<\/p>\n\n\n\n<p>Cht\u011bli byste m\u016fj workshop vyzkou\u0161et? S&nbsp;radost\u00ed! Napi\u0161te mi p\u0159es <a href=\"https:\/\/rohnova.eu\/index.php\/kontaktni-formular\/\" data-type=\"page\" data-id=\"319\">kontaktn\u00ed formul\u00e1\u0159<\/a> nebo mailem na <a href=\"mailto:eva@rohnova.eu\">eva@rohnova.eu<\/a>.&nbsp;<\/p>\n\n\n\n<div class=\"wp-block-group has-global-padding is-layout-constrained wp-container-core-group-is-layout-0ccdc8e2 wp-block-group-is-layout-constrained\" style=\"margin-bottom:var(--wp--preset--spacing--30);padding-top:var(--wp--preset--spacing--10);padding-bottom:var(--wp--preset--spacing--10)\">\n<blockquote class=\"wp-block-quote is-style-default has-small-font-size is-layout-flow wp-block-quote-is-layout-flow\">\n<p class=\"has-text-align-center has-medium-font-size\">T\u011b\u0161\u00edm se na spolupr\u00e1ci!<\/p>\n<\/blockquote>\n<\/div>\n<\/div>\n","protected":false},"excerpt":{"rendered":"<p>Hudebn\u00ed aktivity pro d\u011bti i seniory Proto\u017ee hudba nen\u00ed jenom hran\u00ed z not, p\u0159ipravuji hudebn\u00ed program tak, abyste se v\u0161ichni pobavili, vyzkou\u0161eli si, co v\u0161echno dok\u00e1\u017e\u00ed i bez p\u0159edchoz\u00edch hudebn\u00edch zku\u0161enost\u00ed, a z\u00a0workshopu odch\u00e1zeli nabit\u00ed (hlavn\u011b pozitivn\u00edmi) emocemi.\u00a0 R\u00e1da kombinuji r\u016fzn\u00e9 aktivity, tak\u017ee si b\u011bhem workshopu vyzkou\u0161\u00ed \u00fa\u010dastn\u00edci v\u00edce v\u011bc\u00ed. Budeme si hr\u00e1t s&nbsp;rytmem, melodi\u00ed, [&hellip;]<\/p>\n","protected":false},"author":1,"featured_media":0,"parent":0,"menu_order":0,"comment_status":"closed","ping_status":"closed","template":"empty","meta":{"footnotes":""},"class_list":["post-512","page","type-page","status-publish","hentry"],"_links":{"self":[{"href":"https:\/\/rohnova.eu\/index.php\/wp-json\/wp\/v2\/pages\/512","targetHints":{"allow":["GET"]}}],"collection":[{"href":"https:\/\/rohnova.eu\/index.php\/wp-json\/wp\/v2\/pages"}],"about":[{"href":"https:\/\/rohnova.eu\/index.php\/wp-json\/wp\/v2\/types\/page"}],"author":[{"embeddable":true,"href":"https:\/\/rohnova.eu\/index.php\/wp-json\/wp\/v2\/users\/1"}],"replies":[{"embeddable":true,"href":"https:\/\/rohnova.eu\/index.php\/wp-json\/wp\/v2\/comments?post=512"}],"version-history":[{"count":23,"href":"https:\/\/rohnova.eu\/index.php\/wp-json\/wp\/v2\/pages\/512\/revisions"}],"predecessor-version":[{"id":543,"href":"https:\/\/rohnova.eu\/index.php\/wp-json\/wp\/v2\/pages\/512\/revisions\/543"}],"wp:attachment":[{"href":"https:\/\/rohnova.eu\/index.php\/wp-json\/wp\/v2\/media?parent=512"}],"curies":[{"name":"wp","href":"https:\/\/api.w.org\/{rel}","templated":true}]}}