{"id":399,"date":"2024-02-17T10:59:08","date_gmt":"2024-02-17T09:59:08","guid":{"rendered":"https:\/\/rohnova.eu\/?page_id=399"},"modified":"2024-02-19T11:18:43","modified_gmt":"2024-02-19T10:18:43","slug":"datenschutzrichtlinie","status":"publish","type":"page","link":"https:\/\/rohnova.eu\/index.php\/de\/datenschutzrichtlinie\/","title":{"rendered":"Datenschutzrichtlinie"},"content":{"rendered":"\n<h1 class=\"wp-block-heading has-text-align-center\" style=\"padding-top:var(--wp--preset--spacing--40);padding-bottom:var(--wp--preset--spacing--40)\">Datenschutzrichtlinie<\/h1>\n\n\n\n<div class=\"wp-block-columns is-layout-flex wp-container-core-columns-is-layout-2661a5a5 wp-block-columns-is-layout-flex\" style=\"padding-right:var(--wp--preset--spacing--50);padding-left:var(--wp--preset--spacing--50)\">\n<div class=\"wp-block-column is-layout-flow wp-block-column-is-layout-flow\">\n<h2 class=\"wp-block-heading\">Wer wir sind<\/h2>\n\n\n\n<p>Unsere Webadresse lautet: <br>http:\/\/rohnova.eu.<\/p>\n\n\n\n<h2 class=\"wp-block-heading\">Kommentare<\/h2>\n\n\n\n<p>Wenn Besucher auf dieser Website einen Kommentar hinzuf\u00fcgen, werden die im Kommentarformular angezeigten Daten sowie die IP-Adresse des Besuchers und der den Browser definierende User-Agent-String erfasst, um die Erkennung von Spam zu unterst\u00fctzen.<\/p>\n\n\n\n<p>Gravatar erh\u00e4lt m\u00f6glicherweise eine anonyme Zeichenfolge, die aus Ihrer E-Mail-Adresse erstellt wird (auch Hash genannt), um festzustellen, ob Sie den Dienst nutzen. Die Datenschutzerkl\u00e4rung von Gravatar finden Sie hier: https:\/\/automattic.com\/privacy\/. Nachdem Ihr Kommentar genehmigt wurde, ist Ihr Profilbild im Kontext Ihres Kommentars f\u00fcr die \u00d6ffentlichkeit sichtbar.<\/p>\n\n\n\n<h2 class=\"wp-block-heading\">Medien<\/h2>\n\n\n\n<p>Wenn Sie Bilder auf diese Website hochladen, sollten Sie das Hochladen von Bildern mit eingebetteten Standortdaten (EXIF GPS) vermeiden. Website-Besucher k\u00f6nnen beliebige Standortdaten aus Bildern auf der Website herunterladen und anzeigen.<\/p>\n\n\n\n<h2 class=\"wp-block-heading\">Cookies<\/h2>\n\n\n\n<p>Wenn Sie auf unserer Website einen Kommentar hinzuf\u00fcgen, k\u00f6nnen Sie zulassen, dass Ihr Name, Ihre E-Mail-Adresse und Ihre Website in Cookies gespeichert werden. Auf diese Weise versuchen wir, Ihren Komfort zu erh\u00f6hen, denn wenn Sie einen neuen Kommentar schreiben, m\u00fcssen Sie diese Informationen nicht erneut eingeben. Diese Cookies haben eine Lebensdauer von einem Jahr.<\/p>\n\n\n\n<p>Wenn Sie unsere Anmeldeseite besuchen, setzen wir tempor\u00e4re Cookies, um zu \u00fcberpr\u00fcfen, ob Ihr Browser Cookies akzeptiert. Dieses Cookie enth\u00e4lt keine personenbezogenen Daten und wird gel\u00f6scht, wenn Sie Ihren Browser schlie\u00dfen.<\/p>\n\n\n\n<p>Wenn Sie sich anmelden, werden wir au\u00dferdem mehrere Cookies f\u00fcr Sie setzen, um Ihre Anmeldedaten zu speichern und die Bildschirmdarstellung einzustellen. Anmeldecookies haben eine Lebensdauer von zwei Tagen und Cookies f\u00fcr Anzeigeeinstellungen haben eine Lebensdauer von einem Jahr. Wenn Sie die Option \u201eAngemeldet bleiben\u201c best\u00e4tigen, ist Ihr Login zwei Wochen lang g\u00fcltig. Wenn Sie sich von Ihrem Konto abmelden, werden die Anmeldecookies gel\u00f6scht.<\/p>\n\n\n\n<p>Wenn Sie einen Artikel bearbeiten oder ver\u00f6ffentlichen, wird ein zus\u00e4tzlicher Cookie in Ihrem Browser gespeichert. Dieses Cookie enth\u00e4lt keine personenbezogenen Daten und gibt lediglich die ID des Beitrags an, den Sie gerade bearbeitet haben. Es l\u00e4uft nach 1 Tag ab.<\/p>\n<\/div>\n\n\n\n<div class=\"wp-block-column is-layout-flow wp-block-column-is-layout-flow\">\n<h2 class=\"wp-block-heading\">Eingebettete Inhalte von anderen Websites<\/h2>\n\n\n\n<p>Beitr\u00e4ge auf dieser Website k\u00f6nnen eingebettete Inhalte enthalten (z. B. Videos, Bilder, Artikel usw.). Eingebettete Inhalte von anderen Websites verhalten sich so, als ob der Besucher eine andere Website besucht h\u00e4tte.<\/p>\n\n\n\n<p>Diese Websites k\u00f6nnen Daten \u00fcber Sie sammeln, Cookies verwenden, andere Tracking-Dienste Dritter einbetten und Ihre Interaktion mit diesem eingebetteten Inhalt verfolgen, einschlie\u00dflich der Verfolgung Ihrer Interaktion mit dem eingebetteten Inhalt, wenn Sie \u00fcber ein Konto verf\u00fcgen und auf dieser Website angemeldet sind.<\/p>\n\n\n\n<h2 class=\"wp-block-heading\">Mit wem wir Ihre Daten teilen<\/h2>\n\n\n\n<p>Wenn Sie eine Passwortzur\u00fccksetzung anfordern, wird Ihre IP-Adresse in die E-Mail zur Passwortzur\u00fccksetzung aufgenommen.<\/p>\n\n\n\n<h2 class=\"wp-block-heading\">Wie lange wir Ihre Daten aufbewahren<\/h2>\n\n\n\n<p>Wenn Sie einen Kommentar hinzuf\u00fcgen, bleiben der Kommentar und seine Metadaten auf unbestimmte Zeit erhalten. Die Daten werden gespeichert, um alle nachfolgenden Kommentare automatisch zu erkennen und zu genehmigen, anstatt sie in einer Moderationswarteschlange festzuhalten.<\/p>\n\n\n\n<p>F\u00fcr Benutzer, die sich auf dieser Website registrieren (sofern diese Option besteht), speichern wir auch die von ihnen angegebenen pers\u00f6nlichen Daten in ihrem Benutzerprofil. Alle Benutzer k\u00f6nnen ihre pers\u00f6nlichen Daten jederzeit einsehen, bearbeiten oder l\u00f6schen (mit der Ausnahme, dass sie ihren Benutzernamen nicht \u00e4ndern k\u00f6nnen). Site-Administratoren k\u00f6nnen diese Informationen auch anzeigen und bearbeiten.<\/p>\n\n\n\n<h2 class=\"wp-block-heading\">Welche Rechte haben Sie?<\/h2>\n\n\n\n<p>Wenn Sie ein Konto haben oder auf dieser Website einen Kommentar abgegeben haben, k\u00f6nnen Sie den Erhalt einer Exportdatei der personenbezogenen Daten anfordern, die wir \u00fcber Sie gespeichert haben, einschlie\u00dflich aller Daten, die Sie uns zur Verf\u00fcgung gestellt haben. Sie k\u00f6nnen auch die L\u00f6schung aller personenbezogenen Daten verlangen, die wir \u00fcber Sie gespeichert haben. Von dieser M\u00f6glichkeit ausgenommen sind Daten, die wir aus administrativen, rechtlichen oder sicherheitstechnischen Gr\u00fcnden aufbewahren m\u00fcssen.<\/p>\n\n\n\n<h2 class=\"wp-block-heading\">Wohin Ihre Daten gesendet werden<\/h2>\n\n\n\n<p>Besucherkommentare k\u00f6nnen von einem automatisierten Spam-Erkennungsdienst \u00fcberpr\u00fcft werden, der sich m\u00f6glicherweise im Ausland befindet.<\/p>\n<\/div>\n<\/div>\n","protected":false},"excerpt":{"rendered":"<p>Datenschutzrichtlinie Wer wir sind Unsere Webadresse lautet: http:\/\/rohnova.eu. Kommentare Wenn Besucher auf dieser Website einen Kommentar hinzuf\u00fcgen, werden die im Kommentarformular angezeigten Daten sowie die IP-Adresse des Besuchers und der den Browser definierende User-Agent-String erfasst, um die Erkennung von Spam zu unterst\u00fctzen. Gravatar erh\u00e4lt m\u00f6glicherweise eine anonyme Zeichenfolge, die aus Ihrer E-Mail-Adresse erstellt wird (auch [&hellip;]<\/p>\n","protected":false},"author":1,"featured_media":0,"parent":0,"menu_order":0,"comment_status":"closed","ping_status":"closed","template":"wp-custom-template-de-basic","meta":{"footnotes":""},"class_list":["post-399","page","type-page","status-publish","hentry"],"_links":{"self":[{"href":"https:\/\/rohnova.eu\/index.php\/wp-json\/wp\/v2\/pages\/399","targetHints":{"allow":["GET"]}}],"collection":[{"href":"https:\/\/rohnova.eu\/index.php\/wp-json\/wp\/v2\/pages"}],"about":[{"href":"https:\/\/rohnova.eu\/index.php\/wp-json\/wp\/v2\/types\/page"}],"author":[{"embeddable":true,"href":"https:\/\/rohnova.eu\/index.php\/wp-json\/wp\/v2\/users\/1"}],"replies":[{"embeddable":true,"href":"https:\/\/rohnova.eu\/index.php\/wp-json\/wp\/v2\/comments?post=399"}],"version-history":[{"count":8,"href":"https:\/\/rohnova.eu\/index.php\/wp-json\/wp\/v2\/pages\/399\/revisions"}],"predecessor-version":[{"id":576,"href":"https:\/\/rohnova.eu\/index.php\/wp-json\/wp\/v2\/pages\/399\/revisions\/576"}],"wp:attachment":[{"href":"https:\/\/rohnova.eu\/index.php\/wp-json\/wp\/v2\/media?parent=399"}],"curies":[{"name":"wp","href":"https:\/\/api.w.org\/{rel}","templated":true}]}}