{"id":319,"date":"2024-02-16T14:29:27","date_gmt":"2024-02-16T13:29:27","guid":{"rendered":"https:\/\/rohnova.eu\/?page_id=319"},"modified":"2024-02-17T12:22:29","modified_gmt":"2024-02-17T11:22:29","slug":"kontaktni-formular","status":"publish","type":"page","link":"https:\/\/rohnova.eu\/index.php\/kontaktni-formular\/","title":{"rendered":"Kontaktn\u00ed formul\u00e1\u0159"},"content":{"rendered":"\n<div class=\"wp-block-group has-global-padding is-layout-constrained wp-block-group-is-layout-constrained\" style=\"padding-top:var(--wp--preset--spacing--20)\"><h2 class=\"wp-block-post-title\">Kontaktn\u00ed formul\u00e1\u0159<\/h2>\n\n<div class=\"forminator-ui forminator-custom-form forminator-custom-form-327 forminator-design--default  forminator_ajax\" data-forminator-render=\"0\" data-form=\"forminator-module-327\" data-uid=\"6a07748b38d40\"><br\/><\/div><form\n\t\t\t\tid=\"forminator-module-327\"\n\t\t\t\tclass=\"forminator-ui forminator-custom-form forminator-custom-form-327 forminator-design--default  forminator_ajax\"\n\t\t\t\tmethod=\"post\"\n\t\t\t\tdata-forminator-render=\"0\"\n\t\t\t\tdata-form-id=\"327\"\n\t\t\t\t\n\t\t\t\tdata-design=\"default\"\n\t\t\t\t\n\t\t\t\t\n\t\t\t\t\n\t\t\t\tdata-grid=\"open\"\n\t\t\t\t\n\t\t\t\t\n\t\t\t\tstyle=\"display: none;\"\n\t\t\t\t\n\t\t\t\tdata-uid=\"6a07748b38d40\"\n\t\t\t><div role=\"alert\" aria-live=\"polite\" class=\"forminator-response-message forminator-error\" aria-hidden=\"true\"><\/div><div class=\"forminator-row\"><div id=\"name-1\" class=\"forminator-field-name forminator-col forminator-col-12 \"><div class=\"forminator-row forminator-no-margin\" data-multiple=\"true\"><div class=\"forminator-col forminator-col-md-6\"><div class=\"forminator-field\"><label for=\"forminator-field-first-name-1_6a07748b38d40\" id=\"forminator-field-first-name-1_6a07748b38d40-label\" class=\"forminator-label\">Jm\u00e9no <span class=\"forminator-required\">*<\/span><\/label><input type=\"text\" name=\"name-1-first-name\" placeholder=\"Nap\u0159. Eva\" id=\"forminator-field-first-name-1_6a07748b38d40\" class=\"forminator-input\" aria-required=\"true\" data-multi=\"1\" value=\"\" \/><\/div><\/div><div class=\"forminator-col forminator-col-md-6\"><div class=\"forminator-field\"><label for=\"forminator-field-last-name-1_6a07748b38d40\" id=\"forminator-field-last-name-1_6a07748b38d40-label\" class=\"forminator-label\">P\u0159\u00edjmen\u00ed <span class=\"forminator-required\">*<\/span><\/label><input type=\"text\" name=\"name-1-last-name\" placeholder=\"Nap\u0159. Stoklasov\u00e1\" id=\"forminator-field-last-name-1_6a07748b38d40\" class=\"forminator-input\" aria-required=\"true\" data-multi=\"1\" value=\"\" \/><\/div><\/div><\/div><\/div><\/div><div class=\"forminator-row\"><div id=\"email-1\" class=\"forminator-field-email forminator-col forminator-col-12 \"><div class=\"forminator-field\"><label for=\"forminator-field-email-1_6a07748b38d40\" id=\"forminator-field-email-1_6a07748b38d40-label\" class=\"forminator-label\">Emailov\u00e1 adresa <span class=\"forminator-required\">*<\/span><\/label><input type=\"email\" name=\"email-1\" value=\"\" placeholder=\"Nap\u0159. eva@stoklasova.com\" id=\"forminator-field-email-1_6a07748b38d40\" class=\"forminator-input forminator-email--field\" data-required=\"true\" aria-required=\"true\" \/><\/div><\/div><\/div><div class=\"forminator-row\"><div id=\"phone-1\" class=\"forminator-field-phone forminator-col forminator-col-12 \"><div class=\"forminator-field\"><label for=\"forminator-field-phone-1_6a07748b38d40\" id=\"forminator-field-phone-1_6a07748b38d40-label\" class=\"forminator-label\">Telefonn\u00ed \u010d\u00edslo<\/label><input type=\"text\" name=\"phone-1\" value=\"\" placeholder=\"Nap\u0159. +420 737 127 710\" id=\"forminator-field-phone-1_6a07748b38d40\" class=\"forminator-input forminator-field--phone\" data-required=\"\" aria-required=\"false\" autocomplete=\"off\" \/><\/div><\/div><\/div><div class=\"forminator-row\"><div id=\"textarea-1\" class=\"forminator-field-textarea forminator-col forminator-col-12 \"><div class=\"forminator-field\"><label for=\"forminator-field-textarea-1_6a07748b38d40\" id=\"forminator-field-textarea-1_6a07748b38d40-label\" class=\"forminator-label\">Zpr\u00e1va <span class=\"forminator-required\">*<\/span><\/label><textarea name=\"textarea-1\" placeholder=\"Sem napi\u0161te svou zpr\u00e1vu...\" id=\"forminator-field-textarea-1_6a07748b38d40\" class=\"forminator-textarea\" rows=\"6\" style=\"min-height:140px;\" maxlength=\"300\" ><\/textarea><span id=\"forminator-field-textarea-1_6a07748b38d40-description\" class=\"forminator-description\"><span data-limit=\"300\" data-type=\"characters\">0 \/ 300<\/span><\/span><\/div><\/div><\/div><input type=\"hidden\" name=\"referer_url\" value=\"\" \/><div class=\"forminator-row forminator-row-last\"><div class=\"forminator-col\"><div class=\"forminator-field\"><button class=\"forminator-button forminator-button-submit\">Poslat<\/button><\/div><\/div><\/div><input type=\"hidden\" id=\"forminator_nonce\" name=\"forminator_nonce\" value=\"55310ae150\" \/><input type=\"hidden\" name=\"_wp_http_referer\" value=\"\/index.php\/wp-json\/wp\/v2\/pages\/319\" \/><input type=\"hidden\" name=\"form_id\" value=\"327\"><input type=\"hidden\" name=\"page_id\" value=\"319\"><input type=\"hidden\" name=\"form_type\" value=\"default\"><input type=\"hidden\" name=\"current_url\" value=\"https:\/\/rohnova.eu\/index.php\/kontaktni-formular\/\"><input type=\"hidden\" name=\"render_id\" value=\"0\"><input type=\"hidden\" name=\"action\" value=\"forminator_submit_form_custom-forms\"><\/form>\n<\/div>\n","protected":false},"excerpt":{"rendered":"","protected":false},"author":1,"featured_media":0,"parent":0,"menu_order":0,"comment_status":"closed","ping_status":"closed","template":"empty","meta":{"footnotes":""},"class_list":["post-319","page","type-page","status-publish","hentry"],"_links":{"self":[{"href":"https:\/\/rohnova.eu\/index.php\/wp-json\/wp\/v2\/pages\/319","targetHints":{"allow":["GET"]}}],"collection":[{"href":"https:\/\/rohnova.eu\/index.php\/wp-json\/wp\/v2\/pages"}],"about":[{"href":"https:\/\/rohnova.eu\/index.php\/wp-json\/wp\/v2\/types\/page"}],"author":[{"embeddable":true,"href":"https:\/\/rohnova.eu\/index.php\/wp-json\/wp\/v2\/users\/1"}],"replies":[{"embeddable":true,"href":"https:\/\/rohnova.eu\/index.php\/wp-json\/wp\/v2\/comments?post=319"}],"version-history":[{"count":7,"href":"https:\/\/rohnova.eu\/index.php\/wp-json\/wp\/v2\/pages\/319\/revisions"}],"predecessor-version":[{"id":463,"href":"https:\/\/rohnova.eu\/index.php\/wp-json\/wp\/v2\/pages\/319\/revisions\/463"}],"wp:attachment":[{"href":"https:\/\/rohnova.eu\/index.php\/wp-json\/wp\/v2\/media?parent=319"}],"curies":[{"name":"wp","href":"https:\/\/api.w.org\/{rel}","templated":true}]}}