{"id":283,"date":"2024-02-16T13:48:25","date_gmt":"2024-02-16T12:48:25","guid":{"rendered":"https:\/\/rohnova.eu\/?page_id=283"},"modified":"2024-02-19T11:22:27","modified_gmt":"2024-02-19T10:22:27","slug":"einfuehrung","status":"publish","type":"page","link":"https:\/\/rohnova.eu\/index.php\/de\/einfuehrung\/","title":{"rendered":"Einf\u00fchrung"},"content":{"rendered":"\n<div class=\"wp-block-group is-layout-flow wp-block-group-is-layout-flow\">\n<h2 class=\"wp-block-heading has-text-align-center is-style-default\" style=\"padding-top:var(--wp--preset--spacing--40)\">Willkommen auf der Seite, die viel zu bieten hat!<\/h2>\n<\/div>\n\n\n\n<h5 class=\"wp-block-heading has-text-align-center is-style-default has-medium-font-size\">&#8230; diese Webseite entsteht erst, bitte. Kontaktieren Sie mich per <a href=\"mailto:eva@rohnova.eu\">E-mail<\/a> oder per <a href=\"https:\/\/rohnova.eu\/index.php\/de\/kontaktformular\/\" data-type=\"page\" data-id=\"446\">Kontaktformular<\/a><\/h5>\n\n\n\n<div class=\"wp-block-group alignfull has-global-padding is-layout-constrained wp-container-core-group-is-layout-d89aad35 wp-block-group-is-layout-constrained\" style=\"margin-top:0;margin-bottom:0;padding-top:var(--wp--preset--spacing--50);padding-right:var(--wp--preset--spacing--50);padding-bottom:var(--wp--preset--spacing--50);padding-left:var(--wp--preset--spacing--50)\">\n<div class=\"wp-block-group alignwide has-global-padding is-layout-constrained wp-container-core-group-is-layout-19e250f3 wp-block-group-is-layout-constrained\">\n<div class=\"wp-block-columns alignwide is-layout-flex wp-container-core-columns-is-layout-d1c656ed wp-block-columns-is-layout-flex\">\n<div class=\"wp-block-column is-vertically-aligned-center is-layout-flow wp-block-column-is-layout-flow\" style=\"flex-basis:40%\">\n<h2 class=\"wp-block-heading is-style-default\">Musikalische Aktivit\u00e4ten f\u00fcr Kinder und Senioren<\/h2>\n\n\n\n<h4 class=\"wp-block-heading is-style-default has-contrast-3-color has-text-color has-link-color wp-elements-637d1b6a3517321124ed4f886828f193\" style=\"margin-top:0;margin-bottom:0;padding-top:var(--wp--preset--spacing--10);padding-bottom:0\"><em>Zusammen entdecken wir, dass die Musik im Herzen entsteht<\/em><\/h4>\n\n\n\n<ul style=\"line-height:1.75\" class=\"is-style-checkmark-list wp-block-list\">\n<li>Konzentrations- und Koordinationstraining<\/li>\n\n\n\n<li>Aktivierung und Training der kognitiven F\u00e4higkeiten<\/li>\n\n\n\n<li>Arbeit mit Emotionen<\/li>\n\n\n\n<li>individuell zusammengestelltes Programm<\/li>\n\n\n\n<li>Arbeit in der Gruppe<\/li>\n<\/ul>\n\n\n\n<div class=\"wp-block-buttons is-content-justification-left is-layout-flex wp-container-core-buttons-is-layout-9fb7568f wp-block-buttons-is-layout-flex\" style=\"margin-top:8px;margin-bottom:0\">\n<div class=\"wp-block-button\"><a class=\"wp-block-button__link has-text-align-center wp-element-button\" href=\"https:\/\/rohnova.eu\/index.php\/de\/musikalische-aktivitaten-fur-kinder-und-senioren\/\" style=\"padding-top:var(--wp--preset--spacing--10);padding-right:var(--wp--preset--spacing--10);padding-bottom:var(--wp--preset--spacing--10);padding-left:var(--wp--preset--spacing--10)\">Mehr erfahren&#8230;<\/a><\/div>\n<\/div>\n<\/div>\n\n\n\n<div class=\"wp-block-column is-layout-flow wp-block-column-is-layout-flow\" style=\"flex-basis:50%\">\n<figure class=\"wp-block-image size-full is-style-rounded is-style-rounded--1\"><img loading=\"lazy\" decoding=\"async\" width=\"597\" height=\"395\" src=\"https:\/\/rohnova.eu\/wp-content\/uploads\/2024\/02\/Music_pic3.jpg\" alt=\"\" class=\"wp-image-561\" srcset=\"https:\/\/rohnova.eu\/wp-content\/uploads\/2024\/02\/Music_pic3.jpg 597w, https:\/\/rohnova.eu\/wp-content\/uploads\/2024\/02\/Music_pic3-300x198.jpg 300w\" sizes=\"auto, (max-width: 597px) 100vw, 597px\" \/><\/figure>\n<\/div>\n<\/div>\n\n\n\n<div style=\"height:var(--wp--preset--spacing--40)\" aria-hidden=\"true\" class=\"wp-block-spacer\"><\/div>\n\n\n\n<div class=\"wp-block-columns alignwide is-layout-flex wp-container-core-columns-is-layout-d1c656ed wp-block-columns-is-layout-flex\">\n<div class=\"wp-block-column is-layout-flow wp-block-column-is-layout-flow\" style=\"flex-basis:50%\">\n<figure class=\"wp-block-image size-full is-style-rounded is-style-rounded--2\"><img loading=\"lazy\" decoding=\"async\" width=\"597\" height=\"395\" src=\"https:\/\/rohnova.eu\/wp-content\/uploads\/2024\/02\/Deutsche-Text-1.jpg\" alt=\"\" class=\"wp-image-187\" srcset=\"https:\/\/rohnova.eu\/wp-content\/uploads\/2024\/02\/Deutsche-Text-1.jpg 597w, https:\/\/rohnova.eu\/wp-content\/uploads\/2024\/02\/Deutsche-Text-1-300x198.jpg 300w\" sizes=\"auto, (max-width: 597px) 100vw, 597px\" \/><\/figure>\n<\/div>\n\n\n\n<div class=\"wp-block-column is-vertically-aligned-center is-layout-flow wp-block-column-is-layout-flow\" style=\"flex-basis:40%\">\n<h2 class=\"wp-block-heading is-style-default\">Deutsch als Fremdsprache &#8211; Unterricht und Nachhilfe<\/h2>\n\n\n\n<h5 class=\"wp-block-heading is-style-default has-contrast-3-color has-text-color has-link-color wp-elements-496e2d43c199bbda94444ffc087aa21d\" style=\"margin-top:0;margin-bottom:0;padding-top:var(--wp--preset--spacing--10);padding-bottom:0\"><em>Dieses Angebot gilt vor allem f\u00fcr tschechische Kunden. Falls Sie aber Hilfe f\u00fcr Ihre Angestellten aus Tschechien brauchen, sprechen Sie mich ohne Z\u00f6gern an<\/em>\ud83d\ude42<\/h5>\n\n\n\n<ul style=\"line-height:1.75\" class=\"is-style-checkmark-list wp-block-list\">\n<li>Online-Unterricht<\/li>\n\n\n\n<li>Unterrichtseinheiten von 45, 60 und 90 Minuten L\u00e4nge<\/li>\n\n\n\n<li>Einzelunterricht oder kleine Gruppen<\/li>\n<\/ul>\n\n\n\n<div class=\"wp-block-buttons is-content-justification-left is-layout-flex wp-container-core-buttons-is-layout-9fb7568f wp-block-buttons-is-layout-flex\" style=\"margin-top:8px;margin-bottom:0\">\n<div class=\"wp-block-button\"><a class=\"wp-block-button__link has-text-align-center wp-element-button\" style=\"padding-top:var(--wp--preset--spacing--10);padding-right:var(--wp--preset--spacing--10);padding-bottom:var(--wp--preset--spacing--10);padding-left:var(--wp--preset--spacing--10)\">Mehr erfahren&#8230;<\/a><\/div>\n<\/div>\n<\/div>\n<\/div>\n<\/div>\n<\/div>\n","protected":false},"excerpt":{"rendered":"<p>Willkommen auf der Seite, die viel zu bieten hat! &#8230; diese Webseite entsteht erst, bitte. Kontaktieren Sie mich per E-mail oder per Kontaktformular Musikalische Aktivit\u00e4ten f\u00fcr Kinder und Senioren Zusammen entdecken wir, dass die Musik im Herzen entsteht Deutsch als Fremdsprache &#8211; Unterricht und Nachhilfe Dieses Angebot gilt vor allem f\u00fcr tschechische Kunden. Falls Sie [&hellip;]<\/p>\n","protected":false},"author":1,"featured_media":0,"parent":0,"menu_order":0,"comment_status":"closed","ping_status":"closed","template":"wp-custom-template-de-basic","meta":{"footnotes":""},"class_list":["post-283","page","type-page","status-publish","hentry"],"_links":{"self":[{"href":"https:\/\/rohnova.eu\/index.php\/wp-json\/wp\/v2\/pages\/283","targetHints":{"allow":["GET"]}}],"collection":[{"href":"https:\/\/rohnova.eu\/index.php\/wp-json\/wp\/v2\/pages"}],"about":[{"href":"https:\/\/rohnova.eu\/index.php\/wp-json\/wp\/v2\/types\/page"}],"author":[{"embeddable":true,"href":"https:\/\/rohnova.eu\/index.php\/wp-json\/wp\/v2\/users\/1"}],"replies":[{"embeddable":true,"href":"https:\/\/rohnova.eu\/index.php\/wp-json\/wp\/v2\/comments?post=283"}],"version-history":[{"count":53,"href":"https:\/\/rohnova.eu\/index.php\/wp-json\/wp\/v2\/pages\/283\/revisions"}],"predecessor-version":[{"id":581,"href":"https:\/\/rohnova.eu\/index.php\/wp-json\/wp\/v2\/pages\/283\/revisions\/581"}],"wp:attachment":[{"href":"https:\/\/rohnova.eu\/index.php\/wp-json\/wp\/v2\/media?parent=283"}],"curies":[{"name":"wp","href":"https:\/\/api.w.org\/{rel}","templated":true}]}}